{"id":13080,"date":"2022-06-30T10:23:04","date_gmt":"2022-06-30T01:23:04","guid":{"rendered":"https:\/\/blog.villagehouse.jp\/?page_id=13080"},"modified":"2022-09-09T12:01:39","modified_gmt":"2022-09-09T03:01:39","slug":"nft-campaign","status":"publish","type":"page","link":"https:\/\/blog.villagehouse.jp\/vi\/nft-campaign\/","title":{"rendered":"GI\u1edaI THI\u1ec6U V\u00c0 L\u01afU \u00dd V\u1ec0 CHI\u1ebeN D\u1ecaCH T\u1eb6NG QU\u00c0 NFT (Y\u00caU C\u1ea6U)"},"content":{"rendered":"\n<figure class=\"wp-block-image size-full\"><img loading=\"lazy\" decoding=\"async\" width=\"1000\" height=\"1000\" src=\"https:\/\/blog.villagehouse.jp\/wp-content\/uploads\/2022\/06\/Ville-Jiro-NFT-AW1.png\" alt=\"\" class=\"wp-image-13058\" title=\"\" srcset=\"https:\/\/blog.villagehouse.jp\/wp-content\/uploads\/2022\/06\/Ville-Jiro-NFT-AW1.png 1000w, https:\/\/blog.villagehouse.jp\/wp-content\/uploads\/2022\/06\/Ville-Jiro-NFT-AW1-300x300.png 300w, https:\/\/blog.villagehouse.jp\/wp-content\/uploads\/2022\/06\/Ville-Jiro-NFT-AW1-150x150.png 150w, https:\/\/blog.villagehouse.jp\/wp-content\/uploads\/2022\/06\/Ville-Jiro-NFT-AW1-768x768.png 768w, https:\/\/blog.villagehouse.jp\/wp-content\/uploads\/2022\/06\/Ville-Jiro-NFT-AW1-90x90.png 90w\" sizes=\"auto, (max-width: 1000px) 100vw, 1000px\" \/><\/figure>\n\n\n\n<p><strong>Th\u1ec3 l\u1ec7 tham gia<\/strong><\/p>\n\n\n\n<p>V\u00e0o ng\u00e0y 6\/7, b\u00e0i \u0111\u0103ng c\u00f3 t\u1ef1a \u0111\u1ec1 \u300c\u3073\u308c\u3058\u308d\u30fc\u541b\u516c\u5f0fNFT\u30d7\u30ec\u30bc\u30f3\u30c8\u300ds\u1ebd \u0111\u01b0\u1ee3c \u0111\u0103ng tr\u00ean t\u00e0i kho\u1ea3n Facebook v\u00e0 Instagram ch\u00ednh th\u1ee9c c\u1ee7a ch\u00fang t\u00f4i. \u0110\u1ed1i t\u01b0\u1ee3ng tham gia chi\u1ebfn d\u1ecbch t\u1eb7ng qu\u00e0 l\u00e0 ng\u01b0\u1eddi \u0111ang theo d\u00f5i 1 trong 2 ho\u1eb7c c\u1ea3 2 t\u00e0i kho\u1ea3n tr\u00ean.<\/p>\n\n\n\n<p><strong>Tr\u01b0\u1eddng h\u1ee3p \u0111\u0103ng k\u00fd tham gia tr\u00ean Facebook<\/strong><\/p>\n\n\n\n<p>B\u01b0\u1edbc 1: B\u00ecnh lu\u1eadn v\u00e0o 1 NFT y\u00eau th\u00edch trong 10 NFT Ville-Jiro-kun ch\u00ednh th\u1ee9c<\/p>\n\n\n\n<p>B\u01b0\u1edbc 2: Truy c\u1eadp trang web<\/p>\n\n\n\n<p><strong>Tr\u01b0\u1eddng h\u1ee3p \u0111\u0103ng k\u00fd tham gia tr\u00ean Instagram<\/strong><\/p>\n\n\n\n<p>B\u01b0\u1edbc 1: Theo d\u00f5i t\u00e0i kho\u1ea3n c\u1ee7a ch\u00fang t\u00f4i<\/p>\n\n\n\n<p>B\u01b0\u1edbc 2: B\u00ecnh lu\u1eadn v\u00e0o 1 NFT y\u00eau th\u00edch trong 10 NFT Ville-Jiro-kun ch\u00ednh th\u1ee9c<\/p>\n\n\n\n<p>Th\u1eddi h\u1ea1n c\u1ee7a chi\u1ebfn d\u1ecbch t\u1eb7ng qu\u00e0 l\u00e0 7 ng\u00e0y. Ch\u00fang t\u00f4i s\u1ebd ch\u1ecdn ra 10 ng\u01b0\u1eddi may m\u1eafn, sau \u0111\u00f3 li\u00ean h\u1ec7 tr\u1ef1c ti\u1ebfp t\u1eeb t\u00e0i kho\u1ea3n x\u00e3 h\u1ed9i ch\u00ednh th\u1ee9c c\u1ee7a Village House v\u00e0 cung c\u1ea5p NFT Ville-Jiro-kun ch\u00ednh th\u1ee9c sau khi ng\u00e0y cu\u1ed1i c\u00f9ng c\u1ee7a chi\u1ebfn d\u1ecbch k\u1ebft th\u00fac. \u0110\u1ec3 nh\u1eadn \u0111\u01b0\u1ee3c NFT, b\u1ea1n c\u1ea7n ph\u1ea3n h\u1ed3i tin nh\u1eafn trong v\u00f2ng 48 gi\u1edd v\u00e0 s\u1edf h\u1eefu v\u00ed c\u00f3 h\u1ed7 tr\u1ee3 Solana NFT.<\/p>\n\n\n\n<p><strong>*V\u00ed \u0111\u1ec1 xu\u1ea5t* <\/strong>&#8211; Phantom Wallet &#8211;<a href=\"https:\/\/apps.apple.com\/vn\/app\/phantom-crypto-wallet\/id1598432977?l=vn(opens%20in%20a%20new%20tab)\" data-type=\"URL\" data-id=\"https:\/\/apps.apple.com\/vn\/app\/phantom-crypto-wallet\/id1598432977?l=vn(opens%20in%20a%20new%20tab)\" target=\"_blank\" rel=\"noopener\"> Li\u00ean k\u1ebft c\u1eeda h\u00e0ng iOS<\/a> &#8211;<a href=\"http:\/\/play.google.com\/store\/apps\/details?id=app.phantom(opens%20in%20a%20new%20tab)\" target=\"_blank\" rel=\"noreferrer noopener\"> Li\u00ean k\u1ebft c\u1eeda h\u00e0ng Android<\/a><\/p>\n\n\n\n<p><strong><a href=\"https:\/\/blog.villagehouse.jp\/vi\/chi-dan-dia-phuong\/the-village-house-mascot-who-is-ville-jiro-kun\/\" target=\"_blank\" rel=\"noreferrer noopener\">Th\u00eam v\u1ec1 Ville-Jiro-kun<\/a><\/strong><\/p>\n\n\n\n<p><strong>V\u1ec1 Village House<\/strong><\/p>\n\n\n\n<p>Village House cung c\u1ea5p c\u00e1c b\u1ea5t \u0111\u1ed9ng s\u1ea3n cho thu\u00ea ch\u1ea5t l\u01b0\u1ee3ng cao, th\u1ee7 t\u1ee5c d\u1ec5 d\u00e0ng v\u1edbi gi\u00e1 c\u1ea3 ph\u1ea3i ch\u0103ng t\u1ea1i Nh\u1eadt B\u1ea3n. V\u1edbi ph\u00ed thu\u00ea b\u1eaft \u0111\u1ea7u t\u1eeb 3.824.000 \u0111\u1ed3ng m\u1ed7i th\u00e1ng, h\u00e3y kh\u00e1m ph\u00e1<a href=\"https:\/\/www.villagehouse.jp\/en\/campaign\/\" target=\"_blank\" rel=\"noopener\"> c\u00e1c ch\u01b0\u01a1ng tr\u00ecnh khuy\u1ebfn m\u00e3i<\/a> c\u1ee7a ch\u00fang t\u00f4i v\u00e0 kh\u00e1m ph\u00e1 cu\u1ed9c s\u1ed1ng m\u1edbi \u1edf Nh\u1eadt B\u1ea3n v\u1edbi c\u00e1c c\u0103n h\u1ed9 gi\u00e1 r\u1ebb cao c\u1ea5p!<\/p>\n","protected":false},"excerpt":{"rendered":"<p>Th\u1ec3 l\u1ec7 tham gia V\u00e0o ng\u00e0y 6\/7, b\u00e0i \u0111\u0103ng c\u00f3 t\u1ef1a \u0111\u1ec1 \u300c\u3073\u308c\u3058\u308d\u30fc\u541b\u516c\u5f0fNFT\u30d7\u30ec\u30bc\u30f3\u30c8\u300ds\u1ebd \u0111\u01b0\u1ee3c \u0111\u0103ng tr\u00ean t\u00e0i kho\u1ea3n Facebook v\u00e0 Instagram ch\u00ednh th\u1ee9c c\u1ee7a ch\u00fang t\u00f4i. \u0110\u1ed1i t\u01b0\u1ee3ng tham gia chi\u1ebfn d\u1ecbch t\u1eb7ng qu\u00e0 l\u00e0 ng\u01b0\u1eddi \u0111ang theo d\u00f5i 1 trong 2 ho\u1eb7c c\u1ea3 2 t\u00e0i kho\u1ea3n tr\u00ean. Tr\u01b0\u1eddng h\u1ee3p \u0111\u0103ng k\u00fd tham gia tr\u00ean [&hellip;]<\/p>\n","protected":false},"author":14,"featured_media":0,"parent":0,"menu_order":0,"comment_status":"closed","ping_status":"closed","template":"","meta":{"footnotes":""},"class_list":["post-13080","page","type-page","status-publish","hentry"],"acf":[],"_links":{"self":[{"href":"https:\/\/blog.villagehouse.jp\/vi\/wp-json\/wp\/v2\/pages\/13080","targetHints":{"allow":["GET"]}}],"collection":[{"href":"https:\/\/blog.villagehouse.jp\/vi\/wp-json\/wp\/v2\/pages"}],"about":[{"href":"https:\/\/blog.villagehouse.jp\/vi\/wp-json\/wp\/v2\/types\/page"}],"author":[{"embeddable":true,"href":"https:\/\/blog.villagehouse.jp\/vi\/wp-json\/wp\/v2\/users\/14"}],"replies":[{"embeddable":true,"href":"https:\/\/blog.villagehouse.jp\/vi\/wp-json\/wp\/v2\/comments?post=13080"}],"version-history":[{"count":0,"href":"https:\/\/blog.villagehouse.jp\/vi\/wp-json\/wp\/v2\/pages\/13080\/revisions"}],"wp:attachment":[{"href":"https:\/\/blog.villagehouse.jp\/vi\/wp-json\/wp\/v2\/media?parent=13080"}],"curies":[{"name":"wp","href":"https:\/\/api.w.org\/{rel}","templated":true}]}}