{"id":168,"date":"2019-09-19T12:38:41","date_gmt":"2019-09-19T03:38:41","guid":{"rendered":"http:\/\/villagehouse.rainbow.co.jp\/home\/"},"modified":"2025-12-25T21:59:38","modified_gmt":"2025-12-25T12:59:38","slug":"home","status":"publish","type":"page","link":"https:\/\/blog.villagehouse.jp\/pt\/","title":{"rendered":"Home"},"content":{"rendered":"<section class=\"wpb-content-wrapper\"><p>[vc_row bk_type=&#8221;shout_full_row&#8221;][vc_column width=&#8221;1\/1&#8243;]<div id=\"prk_shortcode_latest_posts_226\" class=\"recentposts_ul_shortcode page-prk-blog-masonry shout_feed_featured\"><div class=\"shout_panels_bk\"><\/div><div id=\"recent_blog-85\" class=\"recentposts_ul_slider per_init shout_reg_height shout_center_align shout_def_panel\" data-arrows=\"true\" data-dots=\"false\" data-items=\"3\" data-centered=\"true\"><div class=\"blog_entry_li item clearfix\" data-color=\"default\"><div class=\"masonry_inner\"><a href=\"https:\/\/blog.villagehouse.jp\/pt\/resource-hubs\/apartment-hunting-in-japan-rental-basics-guides\/\" class=\"shout_anchor\" data-color=\"default\"><div class=\"masonr_img_wp blog_top_image\"><div class=\"blog_fader_grid centerized_father_blog\"><div class=\"mdi-link-variant titled_link_icon body_bk_color\"><\/div><\/div><img loading=\"lazy\" decoding=\"async\" src=\"https:\/\/blog.villagehouse.jp\/wp-content\/uploads\/2025\/10\/Apartment-Hunting-Hub-780x590.png\" width=\"780\" height=\"590\" class=\"custom-img grid_image\" alt=\"\" title=\"\"><\/div><\/a><div class=\"shout_inn\">        <div class=\"shout_post_meta shout_center_align body_font\">\n            <div class=\"small-12\">\n                <div class=\"wpb_column column_container\">\n                                                <div class=\"prk_heavier_600 small_headings_color shout_blog_uppercased prk_85_em shout_subheading shout_center_align\">\n                                <div class=\"shout_colored_link shout_anchor\">\n                                    <a href=\"https:\/\/blog.villagehouse.jp\/pt\/category\/resource-hubs\/\" class=\"resource-hubs\" rel=\"category tag\">Cole\u00e7\u00e3o de Guias<\/a>                                <\/div>\n                            <\/div>\n                            <a href=\"https:\/\/blog.villagehouse.jp\/pt\/resource-hubs\/apartment-hunting-in-japan-rental-basics-guides\/\" class=\"shout_anchor\">                    <h1 class=\"shout_center_align header_font shout_normal single_blog_title zero_color prk_break_word entry-title\">\n                        Busca por apartamento no Jap\u00e3o: no\u00e7\u00f5es b\u00e1sicas e guias de aluguel                    <\/h1>\n                    <\/a>                <\/div>\n            <\/div>\n            <div class=\"shout_post_teaser small-12 columns prk_inner_block shout_center_align\">\n                <div class=\"single_blog_meta prk_heavier_600 small_headings_color shout_blog_uppercased prk_85_em\">\n                    <div class=\"single_blog_meta_div\">\n                        <div class=\"prk_lf\">2025-10-24<\/div>                    <\/div>\n                                        <div class=\"clearfix\"><\/div>\n                <\/div>\n            <\/div>\n                    <\/div>\n        <div class=\"clearfix\"><\/div><div class=\"on_colored entry_content prk_break_word\"><div class=\"wpb_text_column\"><p> Para quem quer alugar um apartamento pela primeira vez ou vai se mudar do exterior para o Jap\u00e3o, os procedimentos para &#8230;<\/p>\n<div class=\"clearfix\"><\/div><div class=\"theme_button prk_tiny\"><a href=\"https:\/\/blog.villagehouse.jp\/pt\/resource-hubs\/apartment-hunting-in-japan-rental-basics-guides\/\" class=\"shout_anchor\" data-color=\"default\"><\/a><\/div><\/div><\/div><div class=\"blog_lower shout_top_border shout_bottom_border prk_8_em small_headings_color shout_blog_uppercased prk_heavier_600 shout_subheading body_font\"><div class=\"small-12\"><div class=\"prk_lf shout_anchor\">2025-10-24<\/div><\/div><div class=\"clearfix\"><\/div><\/div><div class=\"header_font shout_featured_date shout_blog_uppercased prk_85_em prk_heavier_600\">2025-10-24<\/div><a href=\"https:\/\/blog.villagehouse.jp\/pt\/resource-hubs\/apartment-hunting-in-japan-rental-basics-guides\/\" class=\"header_font shout_featured_link shout_anchor site_background_colored shout_blog_uppercased prk_85_em prk_heavier_600\" data-color=\"default\"> &rarr;<\/a><\/div><\/div><\/div><div class=\"blog_entry_li item clearfix\" data-color=\"default\"><div class=\"masonry_inner\"><a href=\"https:\/\/blog.villagehouse.jp\/pt\/resource-hubs\/moving-in-japan-checklists-preparation\/\" class=\"shout_anchor\" data-color=\"default\"><div class=\"masonr_img_wp blog_top_image\"><div class=\"blog_fader_grid centerized_father_blog\"><div class=\"mdi-link-variant titled_link_icon body_bk_color\"><\/div><\/div><img loading=\"lazy\" decoding=\"async\" src=\"https:\/\/blog.villagehouse.jp\/wp-content\/uploads\/2025\/10\/Moving-Hub-780x590.png\" width=\"780\" height=\"590\" class=\"custom-img grid_image\" alt=\"\" title=\"\"><\/div><\/a><div class=\"shout_inn\">        <div class=\"shout_post_meta shout_center_align body_font\">\n            <div class=\"small-12\">\n                <div class=\"wpb_column column_container\">\n                                                <div class=\"prk_heavier_600 small_headings_color shout_blog_uppercased prk_85_em shout_subheading shout_center_align\">\n                                <div class=\"shout_colored_link shout_anchor\">\n                                    <a href=\"https:\/\/blog.villagehouse.jp\/pt\/category\/resource-hubs\/\" class=\"resource-hubs\" rel=\"category tag\">Cole\u00e7\u00e3o de Guias<\/a>                                <\/div>\n                            <\/div>\n                            <a href=\"https:\/\/blog.villagehouse.jp\/pt\/resource-hubs\/moving-in-japan-checklists-preparation\/\" class=\"shout_anchor\">                    <h1 class=\"shout_center_align header_font shout_normal single_blog_title zero_color prk_break_word entry-title\">\n                        Mudan\u00e7a no Jap\u00e3o: listas de verifica\u00e7\u00e3o e prepara\u00e7\u00e3o                    <\/h1>\n                    <\/a>                <\/div>\n            <\/div>\n            <div class=\"shout_post_teaser small-12 columns prk_inner_block shout_center_align\">\n                <div class=\"single_blog_meta prk_heavier_600 small_headings_color shout_blog_uppercased prk_85_em\">\n                    <div class=\"single_blog_meta_div\">\n                        <div class=\"prk_lf\">2025-10-17<\/div>                    <\/div>\n                                        <div class=\"clearfix\"><\/div>\n                <\/div>\n            <\/div>\n                    <\/div>\n        <div class=\"clearfix\"><\/div><div class=\"on_colored entry_content prk_break_word\"><div class=\"wpb_text_column\"><p> Uma mudan\u00e7a no Jap\u00e3o n\u00e3o envolve simplesmente empacotar seus pertences e transport\u00e1-los. Existem v\u00e1rias tarefas a serem executadas, incluindo entrar em &#8230;<\/p>\n<div class=\"clearfix\"><\/div><div class=\"theme_button prk_tiny\"><a href=\"https:\/\/blog.villagehouse.jp\/pt\/resource-hubs\/moving-in-japan-checklists-preparation\/\" class=\"shout_anchor\" data-color=\"default\"><\/a><\/div><\/div><\/div><div class=\"blog_lower shout_top_border shout_bottom_border prk_8_em small_headings_color shout_blog_uppercased prk_heavier_600 shout_subheading body_font\"><div class=\"small-12\"><div class=\"prk_lf shout_anchor\">2025-10-17<\/div><\/div><div class=\"clearfix\"><\/div><\/div><div class=\"header_font shout_featured_date shout_blog_uppercased prk_85_em prk_heavier_600\">2025-10-17<\/div><a href=\"https:\/\/blog.villagehouse.jp\/pt\/resource-hubs\/moving-in-japan-checklists-preparation\/\" class=\"header_font shout_featured_link shout_anchor site_background_colored shout_blog_uppercased prk_85_em prk_heavier_600\" data-color=\"default\"> &rarr;<\/a><\/div><\/div><\/div><div class=\"blog_entry_li item clearfix\" data-color=\"default\"><div class=\"masonry_inner\"><a href=\"https:\/\/blog.villagehouse.jp\/pt\/resource-hubs\/living-alone-in-japan-costs-safety-lifestyle\/\" class=\"shout_anchor\" data-color=\"default\"><div class=\"masonr_img_wp blog_top_image\"><div class=\"blog_fader_grid centerized_father_blog\"><div class=\"mdi-link-variant titled_link_icon body_bk_color\"><\/div><\/div><img loading=\"lazy\" decoding=\"async\" src=\"https:\/\/blog.villagehouse.jp\/wp-content\/uploads\/2025\/10\/solo-living-hub-1-780x590.png\" width=\"780\" height=\"590\" class=\"custom-img grid_image\" alt=\"\" title=\"\"><\/div><\/a><div class=\"shout_inn\">        <div class=\"shout_post_meta shout_center_align body_font\">\n            <div class=\"small-12\">\n                <div class=\"wpb_column column_container\">\n                                                <div class=\"prk_heavier_600 small_headings_color shout_blog_uppercased prk_85_em shout_subheading shout_center_align\">\n                                <div class=\"shout_colored_link shout_anchor\">\n                                    <a href=\"https:\/\/blog.villagehouse.jp\/pt\/category\/resource-hubs\/\" class=\"resource-hubs\" rel=\"category tag\">Cole\u00e7\u00e3o de Guias<\/a>                                <\/div>\n                            <\/div>\n                            <a href=\"https:\/\/blog.villagehouse.jp\/pt\/resource-hubs\/living-alone-in-japan-costs-safety-lifestyle\/\" class=\"shout_anchor\">                    <h1 class=\"shout_center_align header_font shout_normal single_blog_title zero_color prk_break_word entry-title\">\n                        Viver sozinho no Jap\u00e3o: custos, seguran\u00e7a e estilo de vida                    <\/h1>\n                    <\/a>                <\/div>\n            <\/div>\n            <div class=\"shout_post_teaser small-12 columns prk_inner_block shout_center_align\">\n                <div class=\"single_blog_meta prk_heavier_600 small_headings_color shout_blog_uppercased prk_85_em\">\n                    <div class=\"single_blog_meta_div\">\n                        <div class=\"prk_lf\">2025-10-10<\/div>                    <\/div>\n                                        <div class=\"clearfix\"><\/div>\n                <\/div>\n            <\/div>\n                    <\/div>\n        <div class=\"clearfix\"><\/div><div class=\"on_colored entry_content prk_break_word\"><div class=\"wpb_text_column\"><p> Viver sozinho no Jap\u00e3o pode ser emocionante, mas tamb\u00e9m vem com uma variedade de desafios. H\u00e1 muitas coisas que voc\u00ea precisar\u00e1 &#8230;<\/p>\n<div class=\"clearfix\"><\/div><div class=\"theme_button prk_tiny\"><a href=\"https:\/\/blog.villagehouse.jp\/pt\/resource-hubs\/living-alone-in-japan-costs-safety-lifestyle\/\" class=\"shout_anchor\" data-color=\"default\"><\/a><\/div><\/div><\/div><div class=\"blog_lower shout_top_border shout_bottom_border prk_8_em small_headings_color shout_blog_uppercased prk_heavier_600 shout_subheading body_font\"><div class=\"small-12\"><div class=\"prk_lf shout_anchor\">2025-10-10<\/div><\/div><div class=\"clearfix\"><\/div><\/div><div class=\"header_font shout_featured_date shout_blog_uppercased prk_85_em prk_heavier_600\">2025-10-10<\/div><a href=\"https:\/\/blog.villagehouse.jp\/pt\/resource-hubs\/living-alone-in-japan-costs-safety-lifestyle\/\" class=\"header_font shout_featured_link shout_anchor site_background_colored shout_blog_uppercased prk_85_em prk_heavier_600\" data-color=\"default\"> &rarr;<\/a><\/div><\/div><\/div><\/div><\/div>[\/vc_column][\/vc_row][vc_row][vc_column width=&#8221;2\/3&#8243;][vc_raw_html]JTVCdmhfbGF0ZXN0X3Bvc3RzJTIwaXRlbXNfbnVtYmVyJTNEJTIyMTAlMjIlMjBleGNlcnB0X3NpemUlM0QlMjIxNDAlMjIlNUQ=[\/vc_raw_html][\/vc_column][vc_column width=&#8221;1\/3&#8243;][vc_widget_sidebar sidebar_id=&#8221;sidebar-primary&#8221;][\/vc_column][\/vc_row]<\/p>\n<\/section>","protected":false},"excerpt":{"rendered":"<p>[vc_row bk_type=&#8221;shout_full_row&#8221;][vc_column width=&#8221;1\/1&#8243;][\/vc_column][\/vc_row][vc_row][vc_column width=&#8221;2\/3&#8243;][vc_raw_html]JTVCdmhfbGF0ZXN0X3Bvc3RzJTIwaXRlbXNfbnVtYmVyJTNEJTIyMTAlMjIlMjBleGNlcnB0X3NpemUlM0QlMjIxNDAlMjIlNUQ=[\/vc_raw_html][\/vc_column][vc_column width=&#8221;1\/3&#8243;][vc_widget_sidebar sidebar_id=&#8221;sidebar-primary&#8221;][\/vc_column][\/vc_row]<\/p>\n","protected":false},"author":5,"featured_media":0,"parent":0,"menu_order":0,"comment_status":"closed","ping_status":"closed","template":"","meta":{"footnotes":""},"class_list":["post-168","page","type-page","status-publish","hentry"],"acf":[],"_links":{"self":[{"href":"https:\/\/blog.villagehouse.jp\/pt\/wp-json\/wp\/v2\/pages\/168","targetHints":{"allow":["GET"]}}],"collection":[{"href":"https:\/\/blog.villagehouse.jp\/pt\/wp-json\/wp\/v2\/pages"}],"about":[{"href":"https:\/\/blog.villagehouse.jp\/pt\/wp-json\/wp\/v2\/types\/page"}],"author":[{"embeddable":true,"href":"https:\/\/blog.villagehouse.jp\/pt\/wp-json\/wp\/v2\/users\/5"}],"replies":[{"embeddable":true,"href":"https:\/\/blog.villagehouse.jp\/pt\/wp-json\/wp\/v2\/comments?post=168"}],"version-history":[{"count":0,"href":"https:\/\/blog.villagehouse.jp\/pt\/wp-json\/wp\/v2\/pages\/168\/revisions"}],"wp:attachment":[{"href":"https:\/\/blog.villagehouse.jp\/pt\/wp-json\/wp\/v2\/media?parent=168"}],"curies":[{"name":"wp","href":"https:\/\/api.w.org\/{rel}","templated":true}]}}