{"id":13078,"date":"2022-06-30T10:11:24","date_gmt":"2022-06-30T01:11:24","guid":{"rendered":"https:\/\/blog.villagehouse.jp\/?page_id=13078"},"modified":"2022-06-30T10:11:55","modified_gmt":"2022-06-30T01:11:55","slug":"nft-giveaway","status":"publish","type":"page","link":"https:\/\/blog.villagehouse.jp\/pt\/nft-giveaway\/","title":{"rendered":"Explica\u00e7\u00f5es e observa\u00e7\u00f5es sobre o Sorteio de NFTs (cl\u00e1usulas da inscri\u00e7\u00e3o)"},"content":{"rendered":"\n<figure class=\"wp-block-image size-full\"><img loading=\"lazy\" decoding=\"async\" width=\"1000\" height=\"1000\" src=\"https:\/\/blog.villagehouse.jp\/wp-content\/uploads\/2022\/06\/Ville-Jiro-NFT-AW1.png\" alt=\"\" class=\"wp-image-13056\" title=\"\" srcset=\"https:\/\/blog.villagehouse.jp\/wp-content\/uploads\/2022\/06\/Ville-Jiro-NFT-AW1.png 1000w, https:\/\/blog.villagehouse.jp\/wp-content\/uploads\/2022\/06\/Ville-Jiro-NFT-AW1-300x300.png 300w, https:\/\/blog.villagehouse.jp\/wp-content\/uploads\/2022\/06\/Ville-Jiro-NFT-AW1-150x150.png 150w, https:\/\/blog.villagehouse.jp\/wp-content\/uploads\/2022\/06\/Ville-Jiro-NFT-AW1-768x768.png 768w, https:\/\/blog.villagehouse.jp\/wp-content\/uploads\/2022\/06\/Ville-Jiro-NFT-AW1-90x90.png 90w\" sizes=\"auto, (max-width: 1000px) 100vw, 1000px\" \/><\/figure>\n\n\n\n<p><strong>Regras de participa\u00e7\u00e3o<\/strong><\/p>\n\n\n\n<p>No dia 6 de julho ser\u00e1 realizado um post nas contas oficiais do Facebook e Instagram intitulado como \u201cSorteio de NFTs Oficiais do Ville-Jiro-kun\u201d. Para participar do sorteio \u00e9 necess\u00e1rio escolher uma ou ambas as plataformas.<\/p>\n\n\n\n<p><strong>Inscri\u00e7\u00e3o via Facebook<\/strong><\/p>\n\n\n\n<p>1o passo: Escolher um dos NFTs do Ville-Jiro-kun entre 1 \u00e0 10 e postar um coment\u00e1rio.<\/p>\n\n\n\n<p>2o passo: Acessar a p\u00e1gina.<\/p>\n\n\n\n<p><strong>Inscri\u00e7\u00e3o via Instagram<\/strong><\/p>\n\n\n\n<p>1o passo: Seguir a conta de nossa empresa.<\/p>\n\n\n\n<p>2o passo: Escolher um dos NFTs do Ville-Jiro-kun entre 1 \u00e0 10 e postar um coment\u00e1rio.<\/p>\n\n\n\n<p>A campanha ter\u00e1 a dura\u00e7\u00e3o de 7 dias. Ser\u00e3o sorteadas 10 pessoas com as quais entraremos em contato a partir da nossa conta oficial da rede social ap\u00f3s o final do \u00faltimo dia da campanha, contato este em que distribuiremos o NFT sorteado.<\/p>\n\n\n\n<p>Para receber o NFT, ser\u00e1 necess\u00e1rio salvar o arquivo na carteira digital compat\u00edvel com a Solana NFT em at\u00e9 48 horas ap\u00f3s o envio da mensagem.<\/p>\n\n\n\n<p><strong>Carteira digital recomendada:<\/strong> &#8211; Phantom Wallet&nbsp; &#8211; <a href=\"https:\/\/apps.apple.com\/pt\/app\/phantom-crypto-wallet\/id1598432977?l\" target=\"_blank\" rel=\"noopener\">Link para iOS Store<\/a> &#8211;<a href=\"https:\/\/play.google.com\/store\/apps\/details?id=app.phantom\" target=\"_blank\" rel=\"noopener\">&nbsp; Link para Android Store<\/a><\/p>\n\n\n\n<p><a href=\"https:\/\/www.villagehouse.jp\/blog\/pt\/japanese-apartment-life-pt\/the-village-house-mascot-who-is-ville-jiro-kun\/\" target=\"_blank\" rel=\"noopener\"><strong>Conhe\u00e7a melhor o Ville-Jiro-kun<\/strong><\/a><\/p>\n\n\n\n<p><strong>Sobre a Village House<\/strong><\/p>\n\n\n\n<p>A Village House oferece im\u00f3veis para aluguel de alta qualidade com procedimentos f\u00e1ceis a pre\u00e7os acess\u00edveis no Jap\u00e3o. A partir de \u00a520.000 por m\u00eas, \u00e9 poss\u00edvel encontrar um apartamento e viver uma nova vida em uma das unidades de baixo custo oferecidas pela empresa!<\/p>\n\n\n\n<p><a href=\"https:\/\/blog.villagehouse.jp\/nft-giveaway\">As regras na \u00edntegra est\u00e3o dispon\u00edveis apenas em japon\u00eas.<\/a><\/p>\n","protected":false},"excerpt":{"rendered":"<p>Regras de participa\u00e7\u00e3o No dia 6 de julho ser\u00e1 realizado um post nas contas oficiais do Facebook e Instagram intitulado como \u201cSorteio de NFTs Oficiais do Ville-Jiro-kun\u201d. Para participar do sorteio \u00e9 necess\u00e1rio escolher uma ou ambas as plataformas. Inscri\u00e7\u00e3o via Facebook 1o passo: Escolher um dos NFTs do Ville-Jiro-kun entre 1 \u00e0 10 e [&hellip;]<\/p>\n","protected":false},"author":14,"featured_media":0,"parent":0,"menu_order":0,"comment_status":"closed","ping_status":"closed","template":"","meta":{"footnotes":""},"class_list":["post-13078","page","type-page","status-publish","hentry"],"acf":[],"_links":{"self":[{"href":"https:\/\/blog.villagehouse.jp\/pt\/wp-json\/wp\/v2\/pages\/13078","targetHints":{"allow":["GET"]}}],"collection":[{"href":"https:\/\/blog.villagehouse.jp\/pt\/wp-json\/wp\/v2\/pages"}],"about":[{"href":"https:\/\/blog.villagehouse.jp\/pt\/wp-json\/wp\/v2\/types\/page"}],"author":[{"embeddable":true,"href":"https:\/\/blog.villagehouse.jp\/pt\/wp-json\/wp\/v2\/users\/14"}],"replies":[{"embeddable":true,"href":"https:\/\/blog.villagehouse.jp\/pt\/wp-json\/wp\/v2\/comments?post=13078"}],"version-history":[{"count":0,"href":"https:\/\/blog.villagehouse.jp\/pt\/wp-json\/wp\/v2\/pages\/13078\/revisions"}],"wp:attachment":[{"href":"https:\/\/blog.villagehouse.jp\/pt\/wp-json\/wp\/v2\/media?parent=13078"}],"curies":[{"name":"wp","href":"https:\/\/api.w.org\/{rel}","templated":true}]}}